{"id":169,"date":"2026-01-05T15:42:36","date_gmt":"2026-01-05T14:42:36","guid":{"rendered":"https:\/\/comite21-groupe.org\/nordouest\/?page_id=169"},"modified":"2026-04-01T15:30:53","modified_gmt":"2026-04-01T13:30:53","slug":"contact","status":"publish","type":"page","link":"https:\/\/comite21-groupe.org\/nordouest\/contact\/","title":{"rendered":"Contact"},"content":{"rendered":"\t\t<div data-elementor-type=\"wp-page\" data-elementor-id=\"169\" class=\"elementor elementor-169\" data-elementor-post-type=\"page\">\n\t\t\t\t<div class=\"elementor-element elementor-element-398a778 e-flex e-con-boxed wpr-particle-no wpr-jarallax-no wpr-parallax-no wpr-sticky-section-no e-con e-parent\" data-id=\"398a778\" data-element_type=\"container\" data-e-type=\"container\">\n\t\t\t\t\t<div class=\"e-con-inner\">\n\t\t\t\t<div class=\"elementor-element elementor-element-37dcc08 elementor-widget elementor-widget-spacer\" data-id=\"37dcc08\" data-element_type=\"widget\" data-e-type=\"widget\" data-widget_type=\"spacer.default\">\n\t\t\t\t\t\t\t<div class=\"elementor-spacer\">\n\t\t\t<div class=\"elementor-spacer-inner\"><\/div>\n\t\t<\/div>\n\t\t\t\t\t\t<\/div>\n\t\t\t\t<div class=\"elementor-element elementor-element-f243540 elementor-widget elementor-widget-heading\" data-id=\"f243540\" data-element_type=\"widget\" data-e-type=\"widget\" data-widget_type=\"heading.default\">\n\t\t\t\t\t<h1 class=\"elementor-heading-title elementor-size-default\">CONTACTEZ-NOUS<\/h1>\t\t\t\t<\/div>\n\t\t\t\t<div class=\"elementor-element elementor-element-c6c8c34 elementor-widget-divider--view-line elementor-widget elementor-widget-divider\" data-id=\"c6c8c34\" data-element_type=\"widget\" data-e-type=\"widget\" data-widget_type=\"divider.default\">\n\t\t\t\t\t\t\t<div class=\"elementor-divider\">\n\t\t\t<span class=\"elementor-divider-separator\">\n\t\t\t\t\t\t<\/span>\n\t\t<\/div>\n\t\t\t\t\t\t<\/div>\n\t\t\t\t<div class=\"elementor-element elementor-element-2dbdccd elementor-hidden-tablet elementor-hidden-mobile elementor-widget elementor-widget-spacer\" data-id=\"2dbdccd\" data-element_type=\"widget\" data-e-type=\"widget\" data-widget_type=\"spacer.default\">\n\t\t\t\t\t\t\t<div class=\"elementor-spacer\">\n\t\t\t<div class=\"elementor-spacer-inner\"><\/div>\n\t\t<\/div>\n\t\t\t\t\t\t<\/div>\n\t\t\t\t\t<\/div>\n\t\t\t\t<\/div>\n\t\t<div class=\"elementor-element elementor-element-5cf69d3 e-flex e-con-boxed wpr-particle-no wpr-jarallax-no wpr-parallax-no wpr-sticky-section-no e-con e-parent\" data-id=\"5cf69d3\" data-element_type=\"container\" data-e-type=\"container\">\n\t\t\t\t\t<div class=\"e-con-inner\">\n\t\t<div class=\"elementor-element elementor-element-58d6d49 e-con-full e-flex wpr-particle-no wpr-jarallax-no wpr-parallax-no wpr-sticky-section-no e-con e-child\" data-id=\"58d6d49\" data-element_type=\"container\" data-e-type=\"container\">\n\t\t\t\t<div class=\"elementor-element elementor-element-6f4f0dd elementor-widget elementor-widget-spacer\" data-id=\"6f4f0dd\" data-element_type=\"widget\" data-e-type=\"widget\" data-widget_type=\"spacer.default\">\n\t\t\t\t\t\t\t<div class=\"elementor-spacer\">\n\t\t\t<div class=\"elementor-spacer-inner\"><\/div>\n\t\t<\/div>\n\t\t\t\t\t\t<\/div>\n\t\t\t\t<div class=\"elementor-element elementor-element-a488121 elementor-widget elementor-widget-heading\" data-id=\"a488121\" data-element_type=\"widget\" data-e-type=\"widget\" data-widget_type=\"heading.default\">\n\t\t\t\t\t<h3 class=\"elementor-heading-title elementor-size-default\">Pour tout renseignement,<\/h3>\t\t\t\t<\/div>\n\t\t\t\t<div class=\"elementor-element elementor-element-b3add70 elementor-widget elementor-widget-html\" data-id=\"b3add70\" data-element_type=\"widget\" data-e-type=\"widget\" data-widget_type=\"html.default\">\n\t\t\t\t\t<link rel=\"preconnect\" href=\"https:\/\/fonts.googleapis.com\">\n<link rel=\"preconnect\" href=\"https:\/\/fonts.gstatic.com\" crossorigin>\n<link href=\"https:\/\/fonts.googleapis.com\/css2?family=Poppins:wght@400;500;600;700;800&display=swap\" rel=\"stylesheet\">\n\n<style>\n  \/* Base (desktop) *\/\n  .c21-contact {\n    font-family: 'Poppins', system-ui, -apple-system, Segoe UI, Roboto, Arial, sans-serif;\n    font-size: 22px;\n    line-height: 1.35;\n  }\n\n  \/* Tablette *\/\n  @media (max-width: 1024px) {\n    .c21-contact { font-size: 18px; }\n    .c21-contact .icon { font-size: 28px; }\n    .c21-contact .title { font-size: 22px; }\n    .c21-contact .address { font-size: 16px; }\n    .c21-contact .email { font-size: 20px; }\n  }\n\n  \/* Mobile *\/\n  @media (max-width: 767px) {\n    .c21-contact { font-size: 16px; }\n    .c21-contact .icon { font-size: 24px; }\n    .c21-contact .title { font-size: 20px; }\n    .c21-contact .address { font-size: 14px; }\n    .c21-contact .email { font-size: 18px; }\n  }\n<\/style>\n\n<div class=\"c21-contact\">\n  <!-- T\u00e9l\u00e9phone -->\n  <div style=\"display:flex; align-items:flex-start; margin: 0 0 16px 0;\">\n    <span class=\"icon\" style=\"line-height: 1; margin-right: 12px;\">\ud83d\udcde<\/span>\n    <span>+33 (0) 1 55 34 75 21<\/span>\n  <\/div>\n\n  <!-- Adresse -->\n  <div style=\"display:flex; align-items:flex-start; margin: 0 0 16px 0;\">\n    <span class=\"icon\" style=\"line-height: 1; margin-right: 12px;\">\ud83d\udccd<\/span>\n    <div>\n      <div class=\"title\" style=\"font-weight: 800; margin-bottom: 5px;\">\n        Comit\u00e9 21 Nord Ouest\n      <\/div>\n      <div class=\"address\" style=\"opacity: 0.75;\">\n        25 Av. de Villiers, 75017 Paris\n      <\/div>\n    <\/div>\n  <\/div>\n\n  <!-- Email -->\n  <div style=\"display:flex; align-items:flex-start;\">\n    <span class=\"icon\" style=\"line-height: 1; margin-right: 12px;\">\u2709\ufe0f<\/span>\n    <span class=\"email\" style=\"font-weight: 600;\">nordouest(@)comite21.org<\/span>\n  <\/div>\n<\/div>\n\t\t\t\t<\/div>\n\t\t\t\t<div class=\"elementor-element elementor-element-82373b7 elementor-widget elementor-widget-spacer\" data-id=\"82373b7\" data-element_type=\"widget\" data-e-type=\"widget\" data-widget_type=\"spacer.default\">\n\t\t\t\t\t\t\t<div class=\"elementor-spacer\">\n\t\t\t<div class=\"elementor-spacer-inner\"><\/div>\n\t\t<\/div>\n\t\t\t\t\t\t<\/div>\n\t\t\t\t<\/div>\n\t\t<div class=\"elementor-element elementor-element-e373692 e-con-full e-flex wpr-particle-no wpr-jarallax-no wpr-parallax-no wpr-sticky-section-no e-con e-child\" data-id=\"e373692\" data-element_type=\"container\" data-e-type=\"container\">\n\t\t\t\t<div class=\"elementor-element elementor-element-aa2e400 elementor-widget elementor-widget-wpforms\" data-id=\"aa2e400\" data-element_type=\"widget\" data-e-type=\"widget\" data-widget_type=\"wpforms.default\">\n\t\t\t\t<div class=\"elementor-widget-container\">\n\t\t\t\t\t<div class=\"wpforms-container wpforms-container-full wpforms-render-modern\" id=\"wpforms-6976\"><form id=\"wpforms-form-6976\" class=\"wpforms-validate wpforms-form wpforms-ajax-form\" data-formid=\"6976\" method=\"post\" enctype=\"multipart\/form-data\" action=\"\/nordouest\/wp-json\/wp\/v2\/pages\/169\" data-token=\"77785b6832028c66c5f9a89eb7f7c105\" data-token-time=\"1775816539\"><noscript class=\"wpforms-error-noscript\">Veuillez activer JavaScript dans votre navigateur pour remplir ce formulaire.<\/noscript><div id=\"wpforms-error-noscript\" style=\"display: none;\">Veuillez activer JavaScript dans votre navigateur pour remplir ce formulaire.<\/div><div class=\"wpforms-field-container\"><div id=\"wpforms-6976-field_1-container\" class=\"wpforms-field wpforms-field-text\" data-field-id=\"1\"><label class=\"wpforms-field-label\" for=\"wpforms-6976-field_1\">Organisation <span class=\"wpforms-required-label\" aria-hidden=\"true\">*<\/span><\/label><input type=\"text\" id=\"wpforms-6976-field_1\" class=\"wpforms-field-medium wpforms-field-required\" name=\"wpforms[fields][1]\" aria-errormessage=\"wpforms-6976-field_1-error\" required><\/div>\t\t<div id=\"wpforms-6976-field_9-container\"\n\t\t\tclass=\"wpforms-field wpforms-field-text\"\n\t\t\tdata-field-type=\"text\"\n\t\t\tdata-field-id=\"9\"\n\t\t\t>\n\t\t\t<label class=\"wpforms-field-label\" for=\"wpforms-6976-field_9\" >Organisation Fonction E-mail<\/label>\n\t\t\t<input type=\"text\" id=\"wpforms-6976-field_9\" class=\"wpforms-field-medium\" name=\"wpforms[fields][9]\" >\n\t\t<\/div>\n\t\t<div id=\"wpforms-6976-field_2-container\" class=\"wpforms-field wpforms-field-text\" data-field-id=\"2\"><label class=\"wpforms-field-label\" for=\"wpforms-6976-field_2\">Pr\u00e9nom <span class=\"wpforms-required-label\" aria-hidden=\"true\">*<\/span><\/label><input type=\"text\" id=\"wpforms-6976-field_2\" class=\"wpforms-field-medium wpforms-field-required\" name=\"wpforms[fields][2]\" aria-errormessage=\"wpforms-6976-field_2-error\" required><\/div><div id=\"wpforms-6976-field_3-container\" class=\"wpforms-field wpforms-field-text\" data-field-id=\"3\"><label class=\"wpforms-field-label\" for=\"wpforms-6976-field_3\">NOM <span class=\"wpforms-required-label\" aria-hidden=\"true\">*<\/span><\/label><input type=\"text\" id=\"wpforms-6976-field_3\" class=\"wpforms-field-medium wpforms-field-required\" name=\"wpforms[fields][3]\" aria-errormessage=\"wpforms-6976-field_3-error\" required><\/div><div id=\"wpforms-6976-field_4-container\" class=\"wpforms-field wpforms-field-text\" data-field-id=\"4\"><label class=\"wpforms-field-label\" for=\"wpforms-6976-field_4\">Fonction <span class=\"wpforms-required-label\" aria-hidden=\"true\">*<\/span><\/label><input type=\"text\" id=\"wpforms-6976-field_4\" class=\"wpforms-field-medium wpforms-field-required\" name=\"wpforms[fields][4]\" aria-errormessage=\"wpforms-6976-field_4-error\" required><\/div><div id=\"wpforms-6976-field_5-container\" class=\"wpforms-field wpforms-field-text\" data-field-id=\"5\"><label class=\"wpforms-field-label\" for=\"wpforms-6976-field_5\">E-mail <span class=\"wpforms-required-label\" aria-hidden=\"true\">*<\/span><\/label><input type=\"text\" id=\"wpforms-6976-field_5\" class=\"wpforms-field-medium wpforms-field-required\" name=\"wpforms[fields][5]\" aria-errormessage=\"wpforms-6976-field_5-error\" required><\/div><div id=\"wpforms-6976-field_6-container\" class=\"wpforms-field wpforms-field-text\" data-field-id=\"6\"><label class=\"wpforms-field-label\" for=\"wpforms-6976-field_6\">Votre message <span class=\"wpforms-required-label\" aria-hidden=\"true\">*<\/span><\/label><input type=\"text\" id=\"wpforms-6976-field_6\" class=\"wpforms-field-large wpforms-field-required\" name=\"wpforms[fields][6]\" aria-errormessage=\"wpforms-6976-field_6-error\" required><\/div><div id=\"wpforms-6976-field_7-container\" class=\"wpforms-field wpforms-field-checkbox\" data-field-id=\"7\"><fieldset><legend class=\"wpforms-field-label\"><\/legend><ul id=\"wpforms-6976-field_7\"><li class=\"choice-1 depth-1\"><input type=\"checkbox\" id=\"wpforms-6976-field_7_1\" name=\"wpforms[fields][7][]\" value=\"En soumettant ce formulaire de contact, j&#039;accepte que les informations saisies soient exploit\u00e9es dans le cadre de ma demande.\" aria-errormessage=\"wpforms-6976-field_7_1-error\"  ><label class=\"wpforms-field-label-inline\" for=\"wpforms-6976-field_7_1\">En soumettant ce formulaire de contact, j'accepte que les informations saisies soient exploit\u00e9es dans le cadre de ma demande.<\/label><\/li><\/ul><\/fieldset><\/div><div id=\"wpforms-6976-field_8-container\" class=\"wpforms-field wpforms-field-checkbox\" data-field-id=\"8\"><fieldset><legend class=\"wpforms-field-label\"><\/legend><ul id=\"wpforms-6976-field_8\"><li class=\"choice-1 depth-1\"><input type=\"checkbox\" id=\"wpforms-6976-field_8_1\" name=\"wpforms[fields][8][]\" value=\"Je m&#039;abonne \u00e0 la newsletter du Comit\u00e9 21 Nord Ouest\" aria-errormessage=\"wpforms-6976-field_8_1-error\"  ><label class=\"wpforms-field-label-inline\" for=\"wpforms-6976-field_8_1\">Je m'abonne \u00e0 la newsletter du Comit\u00e9 21 Nord Ouest<\/label><\/li><\/ul><\/fieldset><\/div><script>\n\t\t\t\t( function() {\n\t\t\t\t\tconst style = document.createElement( 'style' );\n\t\t\t\t\tstyle.appendChild( document.createTextNode( '#wpforms-6976-field_9-container { position: absolute !important; overflow: hidden !important; display: inline !important; height: 1px !important; width: 1px !important; z-index: -1000 !important; padding: 0 !important; } #wpforms-6976-field_9-container input { visibility: hidden; } #wpforms-conversational-form-page #wpforms-6976-field_9-container label { counter-increment: none; }' ) );\n\t\t\t\t\tdocument.head.appendChild( style );\n\t\t\t\t\tdocument.currentScript?.remove();\n\t\t\t\t} )();\n\t\t\t<\/script><\/div><!-- .wpforms-field-container --><div class=\"wpforms-submit-container\" ><input type=\"hidden\" name=\"wpforms[id]\" value=\"6976\"><input type=\"hidden\" name=\"page_title\" value=\"\"><input type=\"hidden\" name=\"page_url\" value=\"https:\/\/comite21-groupe.org\/nordouest\/wp-json\/wp\/v2\/pages\/169\"><input type=\"hidden\" name=\"url_referer\" value=\"\"><button type=\"submit\" name=\"wpforms[submit]\" id=\"wpforms-submit-6976\" class=\"wpforms-submit\" data-alt-text=\"Envoi...\" data-submit-text=\"Envoyer\" aria-live=\"assertive\" value=\"wpforms-submit\">Envoyer<\/button><img decoding=\"async\" src=\"https:\/\/comite21-groupe.org\/nordouest\/wp-content\/plugins\/wpforms\/assets\/images\/submit-spin.svg\" class=\"wpforms-submit-spinner\" style=\"display: none;\" width=\"26\" height=\"26\" alt=\"Chargement en cours\"><\/div><\/form><\/div>  <!-- .wpforms-container -->\t\t\t\t<\/div>\n\t\t\t\t<\/div>\n\t\t\t\t<\/div>\n\t\t\t\t\t<\/div>\n\t\t\t\t<\/div>\n\t\t<div class=\"elementor-element elementor-element-86d58e5 e-flex e-con-boxed wpr-particle-no wpr-jarallax-no wpr-parallax-no wpr-sticky-section-no e-con e-parent\" data-id=\"86d58e5\" data-element_type=\"container\" data-e-type=\"container\">\n\t\t\t\t\t<div class=\"e-con-inner\">\n\t\t\t\t<div class=\"elementor-element elementor-element-ca1cf22 elementor-widget elementor-widget-spacer\" data-id=\"ca1cf22\" data-element_type=\"widget\" data-e-type=\"widget\" data-widget_type=\"spacer.default\">\n\t\t\t\t\t\t\t<div class=\"elementor-spacer\">\n\t\t\t<div class=\"elementor-spacer-inner\"><\/div>\n\t\t<\/div>\n\t\t\t\t\t\t<\/div>\n\t\t\t\t<div class=\"elementor-element elementor-element-174641b elementor-widget elementor-widget-google_maps\" data-id=\"174641b\" data-element_type=\"widget\" data-e-type=\"widget\" data-widget_type=\"google_maps.default\">\n\t\t\t\t\t\t\t<div class=\"elementor-custom-embed\">\n\t\t\t<iframe loading=\"lazy\"\n\t\t\t\t\tsrc=\"https:\/\/maps.google.com\/maps?q=25%20Av.%20de%20Villiers%2C%2075017%20Paris&#038;t=m&#038;z=13&#038;output=embed&#038;iwloc=near\"\n\t\t\t\t\ttitle=\"25 Av. de Villiers, 75017 Paris\"\n\t\t\t\t\taria-label=\"25 Av. de Villiers, 75017 Paris\"\n\t\t\t><\/iframe>\n\t\t<\/div>\n\t\t\t\t\t\t<\/div>\n\t\t\t\t\t<\/div>\n\t\t\t\t<\/div>\n\t\t<div class=\"elementor-element elementor-element-397944e e-flex e-con-boxed wpr-particle-no wpr-jarallax-no wpr-parallax-no wpr-sticky-section-no e-con e-parent\" data-id=\"397944e\" data-element_type=\"container\" data-e-type=\"container\">\n\t\t\t\t\t<div class=\"e-con-inner\">\n\t\t\t\t<div class=\"elementor-element elementor-element-61f47b6 elementor-widget elementor-widget-spacer\" data-id=\"61f47b6\" data-element_type=\"widget\" data-e-type=\"widget\" data-widget_type=\"spacer.default\">\n\t\t\t\t\t\t\t<div class=\"elementor-spacer\">\n\t\t\t<div class=\"elementor-spacer-inner\"><\/div>\n\t\t<\/div>\n\t\t\t\t\t\t<\/div>\n\t\t\t\t\t<\/div>\n\t\t\t\t<\/div>\n\t\t\t\t<\/div>\n\t\t","protected":false},"excerpt":{"rendered":"<p>CONTACTEZ-NOUS Pour tout renseignement, \ud83d\udcde +33 (0) 1 55 34 75 21 \ud83d\udccd Comit\u00e9 21 Nord Ouest 25 Av. de Villiers, 75017 Paris \u2709\ufe0f nordouest(@)comite21.org Veuillez activer JavaScript dans votre navigateur pour remplir ce formulaire.Veuillez activer JavaScript dans votre navigateur pour remplir ce formulaire.Organisation *Pr\u00e9nom *NOM *Fonction *E-mail *Votre message * En soumettant ce formulaire de contact, j&#8217;accepte que les informations saisies soient exploit\u00e9es dans le cadre de ma demande. Je m&#8217;abonne \u00e0 la newsletter du Comit\u00e9 21 Nord Ouest Envoyer<\/p>\n","protected":false},"author":4,"featured_media":0,"parent":0,"menu_order":0,"comment_status":"closed","ping_status":"closed","template":"elementor_header_footer","meta":{"site-sidebar-layout":"no-sidebar","site-content-layout":"","ast-site-content-layout":"full-width-container","site-content-style":"default","site-sidebar-style":"default","ast-global-header-display":"","ast-banner-title-visibility":"","ast-main-header-display":"","ast-hfb-above-header-display":"","ast-hfb-below-header-display":"","ast-hfb-mobile-header-display":"","site-post-title":"","ast-breadcrumbs-content":"","ast-featured-img":"disabled","footer-sml-layout":"","theme-transparent-header-meta":"","adv-header-id-meta":"","stick-header-meta":"","header-above-stick-meta":"","header-main-stick-meta":"","header-below-stick-meta":"","astra-migrate-meta-layouts":"default","ast-page-background-enabled":"default","ast-page-background-meta":{"desktop":{"background-color":"var(--ast-global-color-5)","background-image":"","background-repeat":"repeat","background-position":"center center","background-size":"auto","background-attachment":"scroll","background-type":"","background-media":"","overlay-type":"","overlay-color":"","overlay-opacity":"","overlay-gradient":""},"tablet":{"background-color":"","background-image":"","background-repeat":"repeat","background-position":"center center","background-size":"auto","background-attachment":"scroll","background-type":"","background-media":"","overlay-type":"","overlay-color":"","overlay-opacity":"","overlay-gradient":""},"mobile":{"background-color":"","background-image":"","background-repeat":"repeat","background-position":"center center","background-size":"auto","background-attachment":"scroll","background-type":"","background-media":"","overlay-type":"","overlay-color":"","overlay-opacity":"","overlay-gradient":""}},"ast-content-background-meta":{"desktop":{"background-color":"var(--ast-global-color-4)","background-image":"","background-repeat":"repeat","background-position":"center center","background-size":"auto","background-attachment":"scroll","background-type":"","background-media":"","overlay-type":"","overlay-color":"","overlay-opacity":"","overlay-gradient":""},"tablet":{"background-color":"var(--ast-global-color-4)","background-image":"","background-repeat":"repeat","background-position":"center center","background-size":"auto","background-attachment":"scroll","background-type":"","background-media":"","overlay-type":"","overlay-color":"","overlay-opacity":"","overlay-gradient":""},"mobile":{"background-color":"var(--ast-global-color-4)","background-image":"","background-repeat":"repeat","background-position":"center center","background-size":"auto","background-attachment":"scroll","background-type":"","background-media":"","overlay-type":"","overlay-color":"","overlay-opacity":"","overlay-gradient":""}},"footnotes":""},"class_list":["post-169","page","type-page","status-publish","hentry"],"aioseo_notices":[],"_hostinger_reach_plugin_has_subscription_block":false,"_hostinger_reach_plugin_is_elementor":false,"_links":{"self":[{"href":"https:\/\/comite21-groupe.org\/nordouest\/wp-json\/wp\/v2\/pages\/169","targetHints":{"allow":["GET"]}}],"collection":[{"href":"https:\/\/comite21-groupe.org\/nordouest\/wp-json\/wp\/v2\/pages"}],"about":[{"href":"https:\/\/comite21-groupe.org\/nordouest\/wp-json\/wp\/v2\/types\/page"}],"author":[{"embeddable":true,"href":"https:\/\/comite21-groupe.org\/nordouest\/wp-json\/wp\/v2\/users\/4"}],"replies":[{"embeddable":true,"href":"https:\/\/comite21-groupe.org\/nordouest\/wp-json\/wp\/v2\/comments?post=169"}],"version-history":[{"count":6,"href":"https:\/\/comite21-groupe.org\/nordouest\/wp-json\/wp\/v2\/pages\/169\/revisions"}],"predecessor-version":[{"id":7138,"href":"https:\/\/comite21-groupe.org\/nordouest\/wp-json\/wp\/v2\/pages\/169\/revisions\/7138"}],"wp:attachment":[{"href":"https:\/\/comite21-groupe.org\/nordouest\/wp-json\/wp\/v2\/media?parent=169"}],"curies":[{"name":"wp","href":"https:\/\/api.w.org\/{rel}","templated":true}]}}